{"id":43,"date":"2017-01-12T08:04:12","date_gmt":"2017-01-12T08:04:12","guid":{"rendered":"http:\/\/hernandohurtado.com\/wordpress\/wordpress\/?page_id=7"},"modified":"2024-11-26T09:28:03","modified_gmt":"2024-11-26T09:28:03","slug":"inicio","status":"publish","type":"page","link":"https:\/\/hernandohurtado.com\/","title":{"rendered":"Inicio"},"content":{"rendered":"\t\t<div data-elementor-type=\"wp-post\" data-elementor-id=\"43\" class=\"elementor elementor-43 elementor-bc-flex-widget\" data-elementor-post-type=\"page\">\n\t\t\t\t\t\t<section class=\"elementor-section elementor-top-section elementor-element elementor-element-vzvlwud elementor-section-boxed elementor-section-height-default elementor-section-height-default\" data-id=\"vzvlwud\" data-element_type=\"section\" data-e-type=\"section\">\n\t\t\t\t\t\t<div class=\"elementor-container elementor-column-gap-default\">\n\t\t\t\t\t<div class=\"elementor-column elementor-col-100 elementor-top-column elementor-element elementor-element-ew48irx\" data-id=\"ew48irx\" data-element_type=\"column\" data-e-type=\"column\">\n\t\t\t<div class=\"elementor-widget-wrap elementor-element-populated\">\n\t\t\t\t\t\t<section class=\"elementor-section elementor-inner-section elementor-element elementor-element-781b008 elementor-section-content-middle elementor-section-boxed elementor-section-height-default elementor-section-height-default\" data-id=\"781b008\" data-element_type=\"section\" data-e-type=\"section\">\n\t\t\t\t\t\t<div class=\"elementor-container elementor-column-gap-default\">\n\t\t\t\t\t<div class=\"elementor-column elementor-col-50 elementor-inner-column elementor-element elementor-element-a93f210\" data-id=\"a93f210\" data-element_type=\"column\" data-e-type=\"column\">\n\t\t\t<div class=\"elementor-widget-wrap elementor-element-populated\">\n\t\t\t\t\t\t<div class=\"elementor-element elementor-element-3b9a68c elementor-widget elementor-widget-text-editor\" data-id=\"3b9a68c\" data-element_type=\"widget\" data-e-type=\"widget\" data-widget_type=\"text-editor.default\">\n\t\t\t\t<div class=\"elementor-widget-container\">\n\t\t\t\t\t\t\t\t\t<p>Creada en Burgos hace 30 a\u00f1os, nuestra empresa evoluciona gracias a la experiencia, conocimiento e ilusi\u00f3n de todos los que la formamos, con una equilibrada apuesta por la mejor tradici\u00f3n, preservando el buen hacer de anta\u00f1o, y a trav\u00e9s de procesos productivos que aseguran la <strong>calidad del producto final.<\/strong><\/p><p>\u00a0<\/p>\t\t\t\t\t\t\t\t<\/div>\n\t\t\t\t<\/div>\n\t\t\t\t\t<\/div>\n\t\t<\/div>\n\t\t\t\t<div class=\"elementor-column elementor-col-50 elementor-inner-column elementor-element elementor-element-7aad720\" data-id=\"7aad720\" data-element_type=\"column\" data-e-type=\"column\">\n\t\t\t<div class=\"elementor-widget-wrap elementor-element-populated\">\n\t\t\t\t\t\t<div class=\"elementor-element elementor-element-61d476b elementor-widget elementor-widget-image\" data-id=\"61d476b\" data-element_type=\"widget\" data-e-type=\"widget\" data-widget_type=\"image.default\">\n\t\t\t\t<div class=\"elementor-widget-container\">\n\t\t\t\t\t\t\t\t\t\t\t\t\t\t\t\t<a href=\"https:\/\/hernandohurtado.com\/?page_id=127%20\" target=\"_blank\" rel=\"nofollow\">\n\t\t\t\t\t\t\t<img decoding=\"async\" width=\"227\" height=\"67\" src=\"https:\/\/hernandohurtado.com\/wp-content\/uploads\/2018\/12\/logoeuropeo.jpg\" class=\"attachment-large size-large wp-image-121\" alt=\"\" \/>\t\t\t\t\t\t\t\t<\/a>\n\t\t\t\t\t\t\t\t\t\t\t\t\t\t\t<\/div>\n\t\t\t\t<\/div>\n\t\t\t\t\t<\/div>\n\t\t<\/div>\n\t\t\t\t\t<\/div>\n\t\t<\/section>\n\t\t\t\t<div class=\"elementor-element elementor-element-572766c elementor-widget elementor-widget-text-editor\" data-id=\"572766c\" data-element_type=\"widget\" data-e-type=\"widget\" data-widget_type=\"text-editor.default\">\n\t\t\t\t<div class=\"elementor-widget-container\">\n\t\t\t\t\t\t\t\t\t<p>Apostamos firmemente por innovar en la producci\u00f3n de mieles de elevada calidad, siendo una de las empresas espa\u00f1olas del sector que m\u00e1s recursos y esfuerzos destina a la Investigaci\u00f3n y Desarrollo.\u00a0 El resultado es una l\u00ednea de productos altamente competitiva en la que nos avanzamos a las necesidades espec\u00edficas de un mercado cambiante y exigente.<\/p><p>Anualmente, producimos <strong>5000 t. de productos<\/strong>, sin\u00f3nimo de salud y vida.<\/p>\t\t\t\t\t\t\t\t<\/div>\n\t\t\t\t<\/div>\n\t\t\t\t<div class=\"elementor-element elementor-element-f9076z2 elementor-widget elementor-widget-image\" data-id=\"f9076z2\" data-element_type=\"widget\" data-e-type=\"widget\" data-widget_type=\"image.default\">\n\t\t\t\t<div class=\"elementor-widget-container\">\n\t\t\t\t\t\t\t\t\t\t\t\t\t\t\t<img fetchpriority=\"high\" decoding=\"async\" width=\"800\" height=\"735\" src=\"https:\/\/hernandohurtado.com\/wp-content\/uploads\/2017\/08\/portada.png\" class=\"attachment-large size-large wp-image-73\" alt=\"\" srcset=\"https:\/\/hernandohurtado.com\/wp-content\/uploads\/2017\/08\/portada.png 800w, https:\/\/hernandohurtado.com\/wp-content\/uploads\/2017\/08\/portada-300x276.png 300w, https:\/\/hernandohurtado.com\/wp-content\/uploads\/2017\/08\/portada-768x706.png 768w\" sizes=\"(max-width: 800px) 100vw, 800px\" \/>\t\t\t\t\t\t\t\t\t\t\t\t\t\t\t<\/div>\n\t\t\t\t<\/div>\n\t\t\t\t\t<\/div>\n\t\t<\/div>\n\t\t\t\t\t<\/div>\n\t\t<\/section>\n\t\t\t\t<section class=\"elementor-section elementor-top-section elementor-element elementor-element-680c693 elementor-section-boxed elementor-section-height-default elementor-section-height-default\" data-id=\"680c693\" data-element_type=\"section\" data-e-type=\"section\">\n\t\t\t\t\t\t<div class=\"elementor-container elementor-column-gap-default\">\n\t\t\t\t\t<div class=\"elementor-column elementor-col-100 elementor-top-column elementor-element elementor-element-c04d7e5\" data-id=\"c04d7e5\" data-element_type=\"column\" data-e-type=\"column\">\n\t\t\t<div class=\"elementor-widget-wrap elementor-element-populated\">\n\t\t\t\t\t\t<div class=\"elementor-element elementor-element-ba9536e elementor-widget elementor-widget-image\" data-id=\"ba9536e\" data-element_type=\"widget\" data-e-type=\"widget\" data-widget_type=\"image.default\">\n\t\t\t\t<div class=\"elementor-widget-container\">\n\t\t\t\t\t\t\t\t\t\t\t\t\t\t\t<img decoding=\"async\" width=\"800\" height=\"50\" src=\"https:\/\/hernandohurtado.com\/wp-content\/uploads\/2024\/11\/logoshh-1024x64.png\" class=\"attachment-large size-large wp-image-143\" alt=\"\" srcset=\"https:\/\/hernandohurtado.com\/wp-content\/uploads\/2024\/11\/logoshh-1024x64.png 1024w, https:\/\/hernandohurtado.com\/wp-content\/uploads\/2024\/11\/logoshh-300x19.png 300w, https:\/\/hernandohurtado.com\/wp-content\/uploads\/2024\/11\/logoshh-768x48.png 768w\" sizes=\"(max-width: 800px) 100vw, 800px\" \/>\t\t\t\t\t\t\t\t\t\t\t\t\t\t\t<\/div>\n\t\t\t\t<\/div>\n\t\t\t\t\t<\/div>\n\t\t<\/div>\n\t\t\t\t\t<\/div>\n\t\t<\/section>\n\t\t\t\t<\/div>\n\t\t","protected":false},"excerpt":{"rendered":"<p>Creada en Burgos hace 30 a\u00f1os, nuestra empresa evoluciona gracias a la experiencia, conocimiento e ilusi\u00f3n de todos los que la formamos, con una equilibrada apuesta por la mejor tradici\u00f3n, preservando el buen hacer de anta\u00f1o, y a trav\u00e9s de procesos productivos que aseguran la calidad del producto final. \u00a0 Apostamos firmemente por innovar en [&hellip;]<\/p>\n","protected":false},"author":1,"featured_media":0,"parent":0,"menu_order":0,"comment_status":"closed","ping_status":"closed","template":"","meta":{"footnotes":""},"class_list":["post-43","page","type-page","status-publish","hentry"],"_links":{"self":[{"href":"https:\/\/hernandohurtado.com\/index.php?rest_route=\/wp\/v2\/pages\/43","targetHints":{"allow":["GET"]}}],"collection":[{"href":"https:\/\/hernandohurtado.com\/index.php?rest_route=\/wp\/v2\/pages"}],"about":[{"href":"https:\/\/hernandohurtado.com\/index.php?rest_route=\/wp\/v2\/types\/page"}],"author":[{"embeddable":true,"href":"https:\/\/hernandohurtado.com\/index.php?rest_route=\/wp\/v2\/users\/1"}],"replies":[{"embeddable":true,"href":"https:\/\/hernandohurtado.com\/index.php?rest_route=%2Fwp%2Fv2%2Fcomments&post=43"}],"version-history":[{"count":11,"href":"https:\/\/hernandohurtado.com\/index.php?rest_route=\/wp\/v2\/pages\/43\/revisions"}],"predecessor-version":[{"id":146,"href":"https:\/\/hernandohurtado.com\/index.php?rest_route=\/wp\/v2\/pages\/43\/revisions\/146"}],"wp:attachment":[{"href":"https:\/\/hernandohurtado.com\/index.php?rest_route=%2Fwp%2Fv2%2Fmedia&parent=43"}],"curies":[{"name":"wp","href":"https:\/\/api.w.org\/{rel}","templated":true}]}}